{"id":244,"date":"2020-08-27T06:00:53","date_gmt":"2020-08-27T06:00:53","guid":{"rendered":"https:\/\/artiemhalfmenorca.com\/?page_id=244"},"modified":"2024-11-29T08:54:03","modified_gmt":"2024-11-29T08:54:03","slug":"la-carrera","status":"publish","type":"page","link":"https:\/\/artiemhalfmenorca.com\/?page_id=244","title":{"rendered":"La carrera"},"content":{"rendered":"<div class=\"wp-block-image\">\n<figure class=\"aligncenter size-large\"><img loading=\"lazy\" decoding=\"async\" width=\"1024\" height=\"683\" src=\"https:\/\/artiemhalfmenorca.com\/wp-content\/uploads\/2024\/11\/DSC_2764-2024-10-09T21_34_08.718-1-1024x683.jpg\" alt=\"\" class=\"wp-image-976\" srcset=\"https:\/\/artiemhalfmenorca.com\/wp-content\/uploads\/2024\/11\/DSC_2764-2024-10-09T21_34_08.718-1-1024x683.jpg 1024w, https:\/\/artiemhalfmenorca.com\/wp-content\/uploads\/2024\/11\/DSC_2764-2024-10-09T21_34_08.718-1-300x200.jpg 300w, https:\/\/artiemhalfmenorca.com\/wp-content\/uploads\/2024\/11\/DSC_2764-2024-10-09T21_34_08.718-1-768x513.jpg 768w, https:\/\/artiemhalfmenorca.com\/wp-content\/uploads\/2024\/11\/DSC_2764-2024-10-09T21_34_08.718-1-750x501.jpg 750w, https:\/\/artiemhalfmenorca.com\/wp-content\/uploads\/2024\/11\/DSC_2764-2024-10-09T21_34_08.718-1.jpg 1500w\" sizes=\"auto, (max-width: 1024px) 100vw, 1024px\" \/><\/figure>\n<\/div>\n\n\t\t\t\t\t\t\t<h3 style=\"margin-bottom:20px ;display:block;width:100%;margin-top:10px\"> <\/h3>\r\n\t\t\t\t\t\t\t\t<style>\r\n\t\t\t\t\r\n\t\t\t\t\t#tab_container_36 {\r\n\toverflow:hidden;\r\n\tdisplay:block;\r\n\twidth:100%;\r\n\tborder:0px solid #ddd;\r\n\tmargin-bottom:30px;\r\n\t}\r\n\r\n#tab_container_36 .tab-content{\r\n\tpadding:20px;\r\n\tborder: 1px solid #e6e6e6 !important;\r\n\tmargin-top: 0px;\r\n\tbackground-color:#ffffff !important;\r\n\tcolor: #000000 !important;\r\n\tfont-size:11px !important;\r\n\tfont-family: Open Sans !important;\r\n\t\r\n\t\tborder: 1px solid #e6e6e6 !important;\r\n\t}\r\n#tab_container_36 .wpsm_nav-tabs {\r\n    border-bottom: 0px solid #ddd;\r\n}\r\n#tab_container_36 .wpsm_nav-tabs > li.active > a, #tab_container_36 .wpsm_nav-tabs > li.active > a:hover, #tab_container_36 .wpsm_nav-tabs > li.active > a:focus {\r\n\tcolor: #000000 !important;\r\n\tcursor: default;\r\n\tbackground-color: #d2de00 !important;\r\n\tborder: 1px solid #b9c500 !important;\r\n}\r\n\r\n#tab_container_36 .wpsm_nav-tabs > li > a {\r\n    margin-right: 0px !important; \r\n    line-height: 1.42857143 !important;\r\n    border: 1px solid #cacabf !important;\r\n    border-radius: 0px 0px 0 0 !important; \r\n\tbackground-color: #ddddd2 !important;\r\n\tcolor: #287f00 !important;\r\n\tpadding: 15px 18px 15px 18px !important;\r\n\ttext-decoration: none !important;\r\n\tfont-size: 10px !important;\r\n\ttext-align:center !important;\r\n\tfont-family: Open Sans !important;\r\n}\r\n#tab_container_36 .wpsm_nav-tabs > li > a:focus {\r\noutline: 0px !important;\r\n}\r\n\r\n#tab_container_36 .wpsm_nav-tabs > li > a:before {\r\n\tdisplay:none !important;\r\n}\r\n#tab_container_36 .wpsm_nav-tabs > li > a:after {\r\n\tdisplay:none !important ;\r\n}\r\n#tab_container_36 .wpsm_nav-tabs > li{\r\npadding:0px !important ;\r\nmargin:0px;\r\n}\r\n\r\n#tab_container_36 .wpsm_nav-tabs > li > a:hover , #tab_container_36 .wpsm_nav-tabs > li > a:focus {\r\n    color: #287f00 !important;\r\n    background-color: #ddddd2 !important;\r\n\tborder: 1px solid #cacabf !important;\r\n\t\r\n}\r\n#tab_container_36 .wpsm_nav-tabs > li > a .fa{\r\n\r\nmargin-right:5px !important;\r\n\r\nmargin-left:5px !important;\r\n\r\n\r\n}\r\n\r\n\t\t#tab_container_36 .wpsm_nav-tabs a{\r\n\t\t\tbackground-image: none;\r\n\t\t\tbackground-position: 0 0;\r\n\t\t\tbackground-repeat: repeat-x;\r\n\t\t}\r\n\t\t\t\r\n\r\n\r\n#tab_container_36 .wpsm_nav-tabs > li {\r\n    float: left;\r\n    margin-bottom: -1px !important;\r\n\tmargin-right:0px !important; \r\n}\r\n\r\n\r\n#tab_container_36 .tab-content{\r\noverflow:hidden !important;\r\n}\r\n\r\n\r\n@media (min-width: 769px) {\r\n\r\n\t#tab_container_36 .wpsm_nav-tabs > li{\r\n\t\tfloat:left !important ;\r\n\t\t\t\tmargin-right:-1px !important;\r\n\t\t\t\t\t}\r\n\t#tab_container_36 .wpsm_nav-tabs{\r\n\t\tfloat:none !important;\r\n\t\tmargin:0px !important;\r\n\t}\r\n\r\n\t#tab_container_36 .wpsm_nav-tabs > li {\r\n\t\t\t\t\r\n\t}\r\n\t#tab_container_36 .wpsm_nav{\r\n\t\t\t}\r\n\r\n}\r\n\r\n\r\n\r\n@media (max-width: 768px) {\r\n\t#tab_container_36 .wpsm_nav-tabs > li {\r\n\t\t\t\t\r\n\t}\r\n\t#tab_container_36 .wpsm_nav{\r\n\t\t\t}\r\n}\r\n\r\n\r\n\t.wpsm_nav-tabs li:before{\r\n\t\tdisplay:none !important;\r\n\t}\r\n\r\n\t@media (max-width: 768px) {\r\n\t\t\t\t\r\n\t\t\t\t.wpsm_nav-tabs{\r\n\t\t\tmargin-left:0px !important;\r\n\t\t\tmargin-right:0px !important; \r\n\t\t\t\r\n\t\t}\r\n\t\t\t\t#tab_container_36 .wpsm_nav-tabs > li{\r\n\t\t\tfloat:none !important;\r\n\t\t}\r\n\t\t\t\r\n\t}\t\t\t\t<\/style>\r\n\t\t\t\t<div id=\"tab_container_36\" >\r\n\t \r\n\t\t\t\t\t<ul class=\"wpsm_nav wpsm_nav-tabs\" role=\"tablist\" id=\"myTab_36\">\r\n\t\t\t\t\t\t\t\r\n\t\t\t\t\t\t\t<li role=\"presentation\"  class=\"active\"  onclick=\"do_resize()\">\r\n\t\t\t\t\t\t\t\t<a href=\"#tabs_desc_36_1\" aria-controls=\"tabs_desc_36_1\" role=\"tab\" data-toggle=\"tab\">\r\n\t\t\t\t\t\t\t\t\t\r\n\t\t\t\t\t\t\t\t\t\t\t\t\t\t\t\t\t\t\t\t\t\t\t\t\t\t\t\t\t\t\t<i class=\"fa fa-calendar\"><\/i> \t\t\t\t\t\t\t\t\t\t\t\t\t\t\t\t\t\t\t\r\n\t\t\t\t\t\t\t\t\t\t\t\t\t\t\t\t\t\t\r\n\t\t\t\t\t\t\t\t\t<span>Programa<\/span>\r\n\t\t\t\t\t\t\t\t\t\r\n\t\t\t\t\t\t\t\t\t\t\t\t\t\t\t\t\t\t\r\n\t\t\t\t\t\t\t\t\t\t\t\t\t\t\t\t\t\t\t\t\r\n\t\t\t\t\t\t\t\t\t\r\n\t\t\t\t\t\t\t\t<\/a>\r\n\t\t\t\t\t\t\t<\/li>\r\n\t\t\t\t\t\t\t\r\n\t\t\t\t\t\t\t<li role=\"presentation\"  onclick=\"do_resize()\">\r\n\t\t\t\t\t\t\t\t<a href=\"#tabs_desc_36_2\" aria-controls=\"tabs_desc_36_2\" role=\"tab\" data-toggle=\"tab\">\r\n\t\t\t\t\t\t\t\t\t\r\n\t\t\t\t\t\t\t\t\t\t\t\t\t\t\t\t\t\t\t\t\t\t\t\t\t\t\t\t\t\t\t<i class=\"fa fa-support\"><\/i> \t\t\t\t\t\t\t\t\t\t\t\t\t\t\t\t\t\t\t\r\n\t\t\t\t\t\t\t\t\t\t\t\t\t\t\t\t\t\t\r\n\t\t\t\t\t\t\t\t\t<span>Swim<\/span>\r\n\t\t\t\t\t\t\t\t\t\r\n\t\t\t\t\t\t\t\t\t\t\t\t\t\t\t\t\t\t\r\n\t\t\t\t\t\t\t\t\t\t\t\t\t\t\t\t\t\t\t\t\r\n\t\t\t\t\t\t\t\t\t\r\n\t\t\t\t\t\t\t\t<\/a>\r\n\t\t\t\t\t\t\t<\/li>\r\n\t\t\t\t\t\t\t\r\n\t\t\t\t\t\t\t<li role=\"presentation\"  onclick=\"do_resize()\">\r\n\t\t\t\t\t\t\t\t<a href=\"#tabs_desc_36_3\" aria-controls=\"tabs_desc_36_3\" role=\"tab\" data-toggle=\"tab\">\r\n\t\t\t\t\t\t\t\t\t\r\n\t\t\t\t\t\t\t\t\t\t\t\t\t\t\t\t\t\t\t\t\t\t\t\t\t\t\t\t\t\t\t<i class=\"fa fa-cog\"><\/i> \t\t\t\t\t\t\t\t\t\t\t\t\t\t\t\t\t\t\t\r\n\t\t\t\t\t\t\t\t\t\t\t\t\t\t\t\t\t\t\r\n\t\t\t\t\t\t\t\t\t<span>Bike<\/span>\r\n\t\t\t\t\t\t\t\t\t\r\n\t\t\t\t\t\t\t\t\t\t\t\t\t\t\t\t\t\t\r\n\t\t\t\t\t\t\t\t\t\t\t\t\t\t\t\t\t\t\t\t\r\n\t\t\t\t\t\t\t\t\t\r\n\t\t\t\t\t\t\t\t<\/a>\r\n\t\t\t\t\t\t\t<\/li>\r\n\t\t\t\t\t\t\t\r\n\t\t\t\t\t\t\t<li role=\"presentation\"  onclick=\"do_resize()\">\r\n\t\t\t\t\t\t\t\t<a href=\"#tabs_desc_36_4\" aria-controls=\"tabs_desc_36_4\" role=\"tab\" data-toggle=\"tab\">\r\n\t\t\t\t\t\t\t\t\t\r\n\t\t\t\t\t\t\t\t\t\t\t\t\t\t\t\t\t\t\t\t\t\t\t\t\t\t\t\t\t\t\t<i class=\"fa fa-male\"><\/i> \t\t\t\t\t\t\t\t\t\t\t\t\t\t\t\t\t\t\t\r\n\t\t\t\t\t\t\t\t\t\t\t\t\t\t\t\t\t\t\r\n\t\t\t\t\t\t\t\t\t<span>Run<\/span>\r\n\t\t\t\t\t\t\t\t\t\r\n\t\t\t\t\t\t\t\t\t\t\t\t\t\t\t\t\t\t\r\n\t\t\t\t\t\t\t\t\t\t\t\t\t\t\t\t\t\t\t\t\r\n\t\t\t\t\t\t\t\t\t\r\n\t\t\t\t\t\t\t\t<\/a>\r\n\t\t\t\t\t\t\t<\/li>\r\n\t\t\t\t\t\t\t\r\n\t\t\t\t\t\t\t<li role=\"presentation\"  onclick=\"do_resize()\">\r\n\t\t\t\t\t\t\t\t<a href=\"#tabs_desc_36_5\" aria-controls=\"tabs_desc_36_5\" role=\"tab\" data-toggle=\"tab\">\r\n\t\t\t\t\t\t\t\t\t\r\n\t\t\t\t\t\t\t\t\t\t\t\t\t\t\t\t\t\t\t\t\t\t\t\t\t\t\t\t\t\t\t<i class=\"fa fa-group\"><\/i> \t\t\t\t\t\t\t\t\t\t\t\t\t\t\t\t\t\t\t\r\n\t\t\t\t\t\t\t\t\t\t\t\t\t\t\t\t\t\t\r\n\t\t\t\t\t\t\t\t\t<span>Relleus<\/span>\r\n\t\t\t\t\t\t\t\t\t\r\n\t\t\t\t\t\t\t\t\t\t\t\t\t\t\t\t\t\t\r\n\t\t\t\t\t\t\t\t\t\t\t\t\t\t\t\t\t\t\t\t\r\n\t\t\t\t\t\t\t\t\t\r\n\t\t\t\t\t\t\t\t<\/a>\r\n\t\t\t\t\t\t\t<\/li>\r\n\t\t\t\t\t\t\t\r\n\t\t\t\t\t\t\t<li role=\"presentation\"  onclick=\"do_resize()\">\r\n\t\t\t\t\t\t\t\t<a href=\"#tabs_desc_36_6\" aria-controls=\"tabs_desc_36_6\" role=\"tab\" data-toggle=\"tab\">\r\n\t\t\t\t\t\t\t\t\t\r\n\t\t\t\t\t\t\t\t\t\t\t\t\t\t\t\t\t\t\t\t\t\t\t\t\t\t\t\t\t\t\t<i class=\"fa fa-automobile\"><\/i> \t\t\t\t\t\t\t\t\t\t\t\t\t\t\t\t\t\t\t\r\n\t\t\t\t\t\t\t\t\t\t\t\t\t\t\t\t\t\t\r\n\t\t\t\t\t\t\t\t\t<span>Informaci\u00f3 carreteres tallades<\/span>\r\n\t\t\t\t\t\t\t\t\t\r\n\t\t\t\t\t\t\t\t\t\t\t\t\t\t\t\t\t\t\r\n\t\t\t\t\t\t\t\t\t\t\t\t\t\t\t\t\t\t\t\t\r\n\t\t\t\t\t\t\t\t\t\r\n\t\t\t\t\t\t\t\t<\/a>\r\n\t\t\t\t\t\t\t<\/li>\r\n\t\t\t\t\t\t\t\r\n\t\t\t\t\t\t\t<li role=\"presentation\"  onclick=\"do_resize()\">\r\n\t\t\t\t\t\t\t\t<a href=\"#tabs_desc_36_7\" aria-controls=\"tabs_desc_36_7\" role=\"tab\" data-toggle=\"tab\">\r\n\t\t\t\t\t\t\t\t\t\r\n\t\t\t\t\t\t\t\t\t\t\t\t\t\t\t\t\t\t\t\t\t\t\t\t\t\t\t\t\t\t\t<i class=\"fa fa-coffee\"><\/i> \t\t\t\t\t\t\t\t\t\t\t\t\t\t\t\t\t\t\t\r\n\t\t\t\t\t\t\t\t\t\t\t\t\t\t\t\t\t\t\r\n\t\t\t\t\t\t\t\t\t<span>Avituallaments<\/span>\r\n\t\t\t\t\t\t\t\t\t\r\n\t\t\t\t\t\t\t\t\t\t\t\t\t\t\t\t\t\t\r\n\t\t\t\t\t\t\t\t\t\t\t\t\t\t\t\t\t\t\t\t\r\n\t\t\t\t\t\t\t\t\t\r\n\t\t\t\t\t\t\t\t<\/a>\r\n\t\t\t\t\t\t\t<\/li>\r\n\t\t\t\t\t\t\t\t\t\t\t <\/ul>\r\n\r\n\t\t\t\t\t  <!-- Tab panes -->\r\n\t\t\t\t\t  <div class=\"tab-content\" id=\"tab-content_36\">\r\n\t\t\t\t\t\t\t\t\t\t\t\t <div role=\"tabpanel\" class=\"tab-pane  in active \" id=\"tabs_desc_36_1\">\r\n\t\t\t\t\t\t\t\t<strong>Dissabte 26 de setembre<\/strong><br>\r\n<a href=\"https:\/\/artiemhalfmenorca.com\/wp-content\/uploads\/2026\/01\/Reglament-CAT-2026.pdf\"> Reglament 2026<\/a> <br>\r\n<br>\r\n15:00 - 19:00 - Acreditaci\u00f3 participants - Poliesportiu Fornells<br>\r\n15:00 - 19:00 - Expo + Info Point - Poliesportiu Fornells<br>\r\n16:30 - 17:15 - Briefing - Poliesportiu Fornells<br>\r\n17:30 - 19:30 - Check In - zona boxes<br>\r\n<br>\r\n<strong>Diumenge 27 de setembre<\/strong><br>\r\n06:30 - 07:45 - Bike Park Obert - Boxes<br>\r\n08:00 - Inici prova HALF - Zona Sortida - Temps m\u00e0xim per completar la prova 8 hores<br>\r\n08:10 - Inici prova Relleus - Sortida - Temps m\u00e0xim per completar la prova 8 hores<br>\r\n08:30 - Inici prova SHORT - Zona Sortida - Temps m\u00e0xim per completar la prova 4 hores<br>\r\n14:30 - Entrega de Premis - Meta<br>\r\n13:00 - 16:00 - Check Out - Zona Boxes<br>\r\n<br>\r\n* Haur\u00e0 servei mec\u00e0nic al Check-in, i de 6:30 a 7:30 h el mateix diumenge.\t\t\t\t\t\t <\/div>\r\n\t\t\t\t\t\t\t\t\t\t\t\t <div role=\"tabpanel\" class=\"tab-pane \" id=\"tabs_desc_36_2\">\r\n\t\t\t\t\t\t\t\t<img decoding=\"async\" class=\"alignnone  wp-image-41\" src=\"https:\/\/artiemhalfmenorca.com\/wp-content\/uploads\/2025\/09\/Swim-HALF-01-scaled.png\" alt=\"\" width=\"45%\" \/>  <img decoding=\"async\" class=\"alignnone  wp-image-42\" src=\"https:\/\/artiemhalfmenorca.com\/wp-content\/uploads\/2025\/09\/Swim-SHORT-02-scaled.png\" alt=\"\" width=\"45%\" \/>\t\t\t\t\t\t <\/div>\r\n\t\t\t\t\t\t\t\t\t\t\t\t <div role=\"tabpanel\" class=\"tab-pane \" id=\"tabs_desc_36_3\">\r\n\t\t\t\t\t\t\t\t<img decoding=\"async\" class=\"alignnone  wp-image-41\" src=\"https:\/\/artiemhalfmenorca.com\/wp-content\/uploads\/2025\/09\/BICI-HALF-mapa-01-scaled.png\" alt=\"\" width=\"45%\" \/>  <img decoding=\"async\" class=\"alignnone  wp-image-42\" src=\"https:\/\/artiemhalfmenorca.com\/wp-content\/uploads\/2025\/09\/BICI-SHORT-mapa-scaled.png\" alt=\"\" width=\"45%\" \/>\t\t\t\t\t\t <\/div>\r\n\t\t\t\t\t\t\t\t\t\t\t\t <div role=\"tabpanel\" class=\"tab-pane \" id=\"tabs_desc_36_4\">\r\n\t\t\t\t\t\t\t\t<img decoding=\"async\" class=\"alignnone  wp-image-41\" src=\"https:\/\/artiemhalfmenorca.com\/wp-content\/uploads\/2025\/09\/RUN-HALF-mapa-scaled.png\" alt=\"\" width=\"45%\" height=\"253\" \/> <img decoding=\"async\" class=\"alignnone  wp-image-41\" src=\"https:\/\/artiemhalfmenorca.com\/wp-content\/uploads\/2025\/09\/RUN-SHORT-mapa-scaled.png\" alt=\"\" width=\"45%\" height=\"253\" \/> \t\t\t\t\t\t <\/div>\r\n\t\t\t\t\t\t\t\t\t\t\t\t <div role=\"tabpanel\" class=\"tab-pane \" id=\"tabs_desc_36_5\">\r\n\t\t\t\t\t\t\t\tEls equips poden estar integrats per 2 o 3 persones i poden ser masculins, femenins o mixtes. Nom\u00e9s hi haur\u00e0 un dorsal per a la bicicleta que s'haur\u00e0 de donar a l'corredor un cop finalitzat el tram de ciclisme. El participant de la nataci\u00f3 nom\u00e9s portar\u00e0 una gorra.<br>\r\n<br>\r\nEl check-in a la zona de transici\u00f3 (boxes) ho haur\u00e0 de realitzar el membre de l'equip que faci el sector de ciclisme.<br>\r\n<br>\r\nL'acc\u00e9s a boxes durant la prova per als components de l'equip estar\u00e0 controlat pels jutges.<br>\r\n<br>\r\nEls rellevistes hauran d'esperar en una zona delimitada a l'interior de boxes, on els ciclistes rebran el xip de l'nedador i posteriorment l'hi passaran a corredor.<br>\r\n<br>\r\nPer efectuar el relleu el nedador ha de passar el xip a l'ciclista, que l'hi haur\u00e0 de posar al turmell. A l'acabar, el ciclista haur\u00e0 de lliurar el xip i dorsal a l'corredor. Des de l'inici de la prova fins a creuar la meta el xip l'ha de portar cada un dels components de l'equip en el seu segment.<br>\r\n<br>\r\nTots els components de l'equip podran acompanyar el corredor en els \u00faltims 100 metres de cursa a peu per creuar la l\u00ednia de meta tots junts.<br>\r\n<br>\r\nHi haur\u00e0 una \u00fanica categoria per a tots els participants de relleus que englobar\u00e0 equips mixtes, masculins i femenins.<br>\t\t\t\t\t\t <\/div>\r\n\t\t\t\t\t\t\t\t\t\t\t\t <div role=\"tabpanel\" class=\"tab-pane \" id=\"tabs_desc_36_6\">\r\n\t\t\t\t\t\t\t\t<img decoding=\"async\" class=\"alignnone  wp-image-41\" src=\"https:\/\/artiemhalfmenorca.com\/wp-content\/uploads\/2025\/09\/WhatsApp-Image-2025-09-08-at-12.41.12.jpeg\" alt=\"\" width=\"45%\" height=\"253\" \/> \t\t\t\t\t\t <\/div>\r\n\t\t\t\t\t\t\t\t\t\t\t\t <div role=\"tabpanel\" class=\"tab-pane \" id=\"tabs_desc_36_7\">\r\n\t\t\t\t\t\t\t\tDurant el sector de Ciclisme, els triatletes de la dist\u00e0ncia SHORT es trobaran amb un sol avituallament al circuit ciclista, situat a Es Mercadal, i que tindr\u00e0 de bidons de 500 ml amb Aigua i isot\u00f2nic de la marca Nutrisport. Els Triatletas de la dist\u00e0ncia HALF, al realitzar 3 voltes a el circuit, es trobaran 3 vegades amb aquest avituallament.<br>\r\n<br>\r\nDurant el sector de carrera, hi haur\u00e0 2 avituallaments que seran dobles, (en doble sentit) els triatletes de la dist\u00e0ncia SHORT es trobaran amb 4 avituallaments, i els de la dist\u00e0ncia HALF tindran fins a 10 avituallaments durant el recorregut.<br>\r\n<br>\r\nEls avituallaments de cursa, a m\u00e9s d'aigua i isot\u00f2nic de la marca Nutrisport, tamb\u00e9 disposaran de Coca-Cola, Taronjes, Pl\u00e0tans, i gels de la marca Nutrisport.<br>\r\n<br>\r\nI un cop finalitzada la prova, els participants podran accedir a la zona de la Finisher exprience on podran gaudir de menjar t\u00edpic de Menorca (sobrassada, embotits, ensa\u00efmada) a part de fruits secs, fruita, Aigua, Coca-Cola, isot\u00f2nic, Cervesa i gelats. En aquesta zona es realitzaran serveis de fisioter\u00e0pia (nom\u00e9s lesions), consultar els resultats i comentar les teves sensacions amb els amics. A m\u00e9s, podran accedir tots els familiars que pr\u00e8viament hagin comprat un tiquet.<br>\r\n<br>\r\nI un cop finalitzada la prova, els participants podran accedir a la zona de post-meta on podran gaudir de menjar t\u00edpic de Menorca (sobrassada, embotits, ensa\u00efmada) a part de fruits secs, fruita, Aigua, Coca-Cola, isot\u00f2nic, i sobre tot Cervesa i gelat. En aquesta zona es podran realitzar massatges, refrescar, consultar els resultats i comentar les teves sensacions amb els amics, gaudint de l'Experi\u00e8ncia Finisher. A m\u00e9s podran accedir tots els familiars que pr\u00e8viament hagin comprat un tiquet.\r\n<br><br>\r\nEn definitiva, viure una agradable experi\u00e8ncia celebrant l'\u00e8xit amb els teus.<br>\r\n<br>\r\n<strong>NOTA IMPORTANT:<\/strong> La zona de meta i serveis de post meta estar\u00e0 supeditada a les circumst\u00e0ncies i recomanacions de les autoritats sanit\u00e0ries. L'organitzaci\u00f3 es reserva el dret de modificar la zona de avituallaments i la Finisher Experience si per forces majors les circumst\u00e0ncies ho aconsellen.<br>\t\t\t\t\t\t <\/div>\r\n\t\t\t\t\t\t\t\r\n\t\t\t\t\t <\/div>\r\n\t\t\t\t\t \r\n\t\t\t\t <\/div>\r\n <script>\r\n\t\tjQuery(function () {\r\n\t\t\tjQuery('#myTab_36 a:first').tab('show')\r\n\t\t});\r\n\t\t\r\n\t\t\t\tjQuery(function(){\r\n\t\t\tvar b=\"fadeIn\";\r\n\t\t\tvar c;\r\n\t\t\tvar a;\r\n\t\t\td(jQuery(\"#myTab_36 a\"),jQuery(\"#tab-content_36\"));function d(e,f,g){\r\n\t\t\t\te.click(function(i){\r\n\t\t\t\t\ti.preventDefault();\r\n\t\t\t\t\tjQuery(this).tab(\"show\");\r\n\t\t\t\t\tvar h=jQuery(this).data(\"easein\");\r\n\t\t\t\t\tif(c){c.removeClass(a);}\r\n\t\t\t\t\tif(h){f.find(\"div.active\").addClass(\"animated \"+h);a=h;}\r\n\t\t\t\t\telse{if(g){f.find(\"div.active\").addClass(\"animated \"+g);a=g;}else{f.find(\"div.active\").addClass(\"animated \"+b);a=b;}}c=f.find(\"div.active\");\r\n\t\t\t\t});\r\n\t\t\t}\r\n\t\t});\r\n\t\t\r\n\r\n\t\tfunction do_resize(){\r\n\r\n\t\t\tvar width=jQuery( '.tab-content .tab-pane iframe' ).width();\r\n\t\t\tvar height=jQuery( '.tab-content .tab-pane iframe' ).height();\r\n\r\n\t\t\tvar toggleSize = true;\r\n\t\t\tjQuery('iframe').animate({\r\n\t\t\t    width: toggleSize ? width : 640,\r\n\t\t\t    height: toggleSize ? height : 360\r\n\t\t\t  }, 250);\r\n\r\n\t\t\t  toggleSize = !toggleSize;\r\n\t\t}\r\n\r\n\r\n\t<\/script>\r\n\t\t\t\t\r\n\t\t\t\n","protected":false},"excerpt":{"rendered":"","protected":false},"author":1,"featured_media":0,"parent":0,"menu_order":0,"comment_status":"closed","ping_status":"closed","template":"","meta":{"footnotes":""},"class_list":["post-244","page","type-page","status-publish","hentry"],"_links":{"self":[{"href":"https:\/\/artiemhalfmenorca.com\/index.php?rest_route=\/wp\/v2\/pages\/244","targetHints":{"allow":["GET"]}}],"collection":[{"href":"https:\/\/artiemhalfmenorca.com\/index.php?rest_route=\/wp\/v2\/pages"}],"about":[{"href":"https:\/\/artiemhalfmenorca.com\/index.php?rest_route=\/wp\/v2\/types\/page"}],"author":[{"embeddable":true,"href":"https:\/\/artiemhalfmenorca.com\/index.php?rest_route=\/wp\/v2\/users\/1"}],"replies":[{"embeddable":true,"href":"https:\/\/artiemhalfmenorca.com\/index.php?rest_route=%2Fwp%2Fv2%2Fcomments&post=244"}],"version-history":[{"count":4,"href":"https:\/\/artiemhalfmenorca.com\/index.php?rest_route=\/wp\/v2\/pages\/244\/revisions"}],"predecessor-version":[{"id":978,"href":"https:\/\/artiemhalfmenorca.com\/index.php?rest_route=\/wp\/v2\/pages\/244\/revisions\/978"}],"wp:attachment":[{"href":"https:\/\/artiemhalfmenorca.com\/index.php?rest_route=%2Fwp%2Fv2%2Fmedia&parent=244"}],"curies":[{"name":"wp","href":"https:\/\/api.w.org\/{rel}","templated":true}]}}