{"id":332,"date":"2020-08-28T13:15:31","date_gmt":"2020-08-28T13:15:31","guid":{"rendered":"https:\/\/artiemhalfmenorca.com\/?page_id=332"},"modified":"2024-11-29T08:54:33","modified_gmt":"2024-11-29T08:54:33","slug":"the-race","status":"publish","type":"page","link":"https:\/\/artiemhalfmenorca.com\/?page_id=332&lang=en","title":{"rendered":"The Race"},"content":{"rendered":"<div class=\"wp-block-image\">\n<figure class=\"aligncenter size-large\"><img loading=\"lazy\" decoding=\"async\" width=\"1024\" height=\"683\" src=\"https:\/\/artiemhalfmenorca.com\/wp-content\/uploads\/2024\/11\/DSC_2764-2024-10-09T21_34_08.718-2-1024x683.jpg\" alt=\"\" class=\"wp-image-979\" srcset=\"https:\/\/artiemhalfmenorca.com\/wp-content\/uploads\/2024\/11\/DSC_2764-2024-10-09T21_34_08.718-2-1024x683.jpg 1024w, https:\/\/artiemhalfmenorca.com\/wp-content\/uploads\/2024\/11\/DSC_2764-2024-10-09T21_34_08.718-2-300x200.jpg 300w, https:\/\/artiemhalfmenorca.com\/wp-content\/uploads\/2024\/11\/DSC_2764-2024-10-09T21_34_08.718-2-768x513.jpg 768w, https:\/\/artiemhalfmenorca.com\/wp-content\/uploads\/2024\/11\/DSC_2764-2024-10-09T21_34_08.718-2-750x501.jpg 750w, https:\/\/artiemhalfmenorca.com\/wp-content\/uploads\/2024\/11\/DSC_2764-2024-10-09T21_34_08.718-2.jpg 1500w\" sizes=\"auto, (max-width: 1024px) 100vw, 1024px\" \/><\/figure>\n<\/div>\n\n\t\t\t\t\t\t\t<h3 style=\"margin-bottom:20px ;display:block;width:100%;margin-top:10px\"> <\/h3>\r\n\t\t\t\t\t\t\t\t<style>\r\n\t\t\t\t\r\n\t\t\t\t\t#tab_container_710 {\r\n\toverflow:hidden;\r\n\tdisplay:block;\r\n\twidth:100%;\r\n\tborder:0px solid #ddd;\r\n\tmargin-bottom:30px;\r\n\t}\r\n\r\n#tab_container_710 .tab-content{\r\n\tpadding:20px;\r\n\tborder: 1px solid #e6e6e6 !important;\r\n\tmargin-top: 0px;\r\n\tbackground-color:#ffffff !important;\r\n\tcolor: #000000 !important;\r\n\tfont-size:11px !important;\r\n\tfont-family: Open Sans !important;\r\n\t\r\n\t\tborder: 1px solid #e6e6e6 !important;\r\n\t}\r\n#tab_container_710 .wpsm_nav-tabs {\r\n    border-bottom: 0px solid #ddd;\r\n}\r\n#tab_container_710 .wpsm_nav-tabs > li.active > a, #tab_container_710 .wpsm_nav-tabs > li.active > a:hover, #tab_container_710 .wpsm_nav-tabs > li.active > a:focus {\r\n\tcolor: #000000 !important;\r\n\tcursor: default;\r\n\tbackground-color: #d2de00 !important;\r\n\tborder: 1px solid #b9c500 !important;\r\n}\r\n\r\n#tab_container_710 .wpsm_nav-tabs > li > a {\r\n    margin-right: 0px !important; \r\n    line-height: 1.42857143 !important;\r\n    border: 1px solid #cacabf !important;\r\n    border-radius: 0px 0px 0 0 !important; \r\n\tbackground-color: #ddddd2 !important;\r\n\tcolor: #287f00 !important;\r\n\tpadding: 15px 18px 15px 18px !important;\r\n\ttext-decoration: none !important;\r\n\tfont-size: 10px !important;\r\n\ttext-align:center !important;\r\n\tfont-family: Open Sans !important;\r\n}\r\n#tab_container_710 .wpsm_nav-tabs > li > a:focus {\r\noutline: 0px !important;\r\n}\r\n\r\n#tab_container_710 .wpsm_nav-tabs > li > a:before {\r\n\tdisplay:none !important;\r\n}\r\n#tab_container_710 .wpsm_nav-tabs > li > a:after {\r\n\tdisplay:none !important ;\r\n}\r\n#tab_container_710 .wpsm_nav-tabs > li{\r\npadding:0px !important ;\r\nmargin:0px;\r\n}\r\n\r\n#tab_container_710 .wpsm_nav-tabs > li > a:hover , #tab_container_710 .wpsm_nav-tabs > li > a:focus {\r\n    color: #287f00 !important;\r\n    background-color: #ddddd2 !important;\r\n\tborder: 1px solid #cacabf !important;\r\n\t\r\n}\r\n#tab_container_710 .wpsm_nav-tabs > li > a .fa{\r\n\r\nmargin-right:5px !important;\r\n\r\nmargin-left:5px !important;\r\n\r\n\r\n}\r\n\r\n\t\t#tab_container_710 .wpsm_nav-tabs a{\r\n\t\t\tbackground-image: none;\r\n\t\t\tbackground-position: 0 0;\r\n\t\t\tbackground-repeat: repeat-x;\r\n\t\t}\r\n\t\t\t\r\n\r\n\r\n#tab_container_710 .wpsm_nav-tabs > li {\r\n    float: left;\r\n    margin-bottom: -1px !important;\r\n\tmargin-right:0px !important; \r\n}\r\n\r\n\r\n#tab_container_710 .tab-content{\r\noverflow:hidden !important;\r\n}\r\n\r\n\r\n@media (min-width: 769px) {\r\n\r\n\t#tab_container_710 .wpsm_nav-tabs > li{\r\n\t\tfloat:left !important ;\r\n\t\t\t\tmargin-right:-1px !important;\r\n\t\t\t\t\t}\r\n\t#tab_container_710 .wpsm_nav-tabs{\r\n\t\tfloat:none !important;\r\n\t\tmargin:0px !important;\r\n\t}\r\n\r\n\t#tab_container_710 .wpsm_nav-tabs > li {\r\n\t\t\t\t\r\n\t}\r\n\t#tab_container_710 .wpsm_nav{\r\n\t\t\t}\r\n\r\n}\r\n\r\n\r\n\r\n@media (max-width: 768px) {\r\n\t#tab_container_710 .wpsm_nav-tabs > li {\r\n\t\t\t\t\r\n\t}\r\n\t#tab_container_710 .wpsm_nav{\r\n\t\t\t}\r\n}\r\n\r\n\r\n\t.wpsm_nav-tabs li:before{\r\n\t\tdisplay:none !important;\r\n\t}\r\n\r\n\t@media (max-width: 768px) {\r\n\t\t\t\t\r\n\t\t\t\t.wpsm_nav-tabs{\r\n\t\t\tmargin-left:0px !important;\r\n\t\t\tmargin-right:0px !important; \r\n\t\t\t\r\n\t\t}\r\n\t\t\t\t#tab_container_710 .wpsm_nav-tabs > li{\r\n\t\t\tfloat:none !important;\r\n\t\t}\r\n\t\t\t\r\n\t}\t\t\t\t<\/style>\r\n\t\t\t\t<div id=\"tab_container_710\" >\r\n\t \r\n\t\t\t\t\t<ul class=\"wpsm_nav wpsm_nav-tabs\" role=\"tablist\" id=\"myTab_710\">\r\n\t\t\t\t\t\t\t\r\n\t\t\t\t\t\t\t<li role=\"presentation\"  class=\"active\"  onclick=\"do_resize()\">\r\n\t\t\t\t\t\t\t\t<a href=\"#tabs_desc_710_1\" aria-controls=\"tabs_desc_710_1\" role=\"tab\" data-toggle=\"tab\">\r\n\t\t\t\t\t\t\t\t\t\r\n\t\t\t\t\t\t\t\t\t\t\t\t\t\t\t\t\t\t\t\t\t\t\t\t\t\t\t\t\t\t\t<i class=\"fa fa-laptop\"><\/i> \t\t\t\t\t\t\t\t\t\t\t\t\t\t\t\t\t\t\t\r\n\t\t\t\t\t\t\t\t\t\t\t\t\t\t\t\t\t\t\r\n\t\t\t\t\t\t\t\t\t<span>Program<\/span>\r\n\t\t\t\t\t\t\t\t\t\r\n\t\t\t\t\t\t\t\t\t\t\t\t\t\t\t\t\t\t\r\n\t\t\t\t\t\t\t\t\t\t\t\t\t\t\t\t\t\t\t\t\r\n\t\t\t\t\t\t\t\t\t\r\n\t\t\t\t\t\t\t\t<\/a>\r\n\t\t\t\t\t\t\t<\/li>\r\n\t\t\t\t\t\t\t\r\n\t\t\t\t\t\t\t<li role=\"presentation\"  onclick=\"do_resize()\">\r\n\t\t\t\t\t\t\t\t<a href=\"#tabs_desc_710_2\" aria-controls=\"tabs_desc_710_2\" role=\"tab\" data-toggle=\"tab\">\r\n\t\t\t\t\t\t\t\t\t\r\n\t\t\t\t\t\t\t\t\t\t\t\t\t\t\t\t\t\t\t\t\t\t\t\t\t\t\t\t\t\t\t<i class=\"fa fa-laptop\"><\/i> \t\t\t\t\t\t\t\t\t\t\t\t\t\t\t\t\t\t\t\r\n\t\t\t\t\t\t\t\t\t\t\t\t\t\t\t\t\t\t\r\n\t\t\t\t\t\t\t\t\t<span>Swim<\/span>\r\n\t\t\t\t\t\t\t\t\t\r\n\t\t\t\t\t\t\t\t\t\t\t\t\t\t\t\t\t\t\r\n\t\t\t\t\t\t\t\t\t\t\t\t\t\t\t\t\t\t\t\t\r\n\t\t\t\t\t\t\t\t\t\r\n\t\t\t\t\t\t\t\t<\/a>\r\n\t\t\t\t\t\t\t<\/li>\r\n\t\t\t\t\t\t\t\r\n\t\t\t\t\t\t\t<li role=\"presentation\"  onclick=\"do_resize()\">\r\n\t\t\t\t\t\t\t\t<a href=\"#tabs_desc_710_3\" aria-controls=\"tabs_desc_710_3\" role=\"tab\" data-toggle=\"tab\">\r\n\t\t\t\t\t\t\t\t\t\r\n\t\t\t\t\t\t\t\t\t\t\t\t\t\t\t\t\t\t\t\t\t\t\t\t\t\t\t\t\t\t\t<i class=\"fa fa-laptop\"><\/i> \t\t\t\t\t\t\t\t\t\t\t\t\t\t\t\t\t\t\t\r\n\t\t\t\t\t\t\t\t\t\t\t\t\t\t\t\t\t\t\r\n\t\t\t\t\t\t\t\t\t<span>Bike<\/span>\r\n\t\t\t\t\t\t\t\t\t\r\n\t\t\t\t\t\t\t\t\t\t\t\t\t\t\t\t\t\t\r\n\t\t\t\t\t\t\t\t\t\t\t\t\t\t\t\t\t\t\t\t\r\n\t\t\t\t\t\t\t\t\t\r\n\t\t\t\t\t\t\t\t<\/a>\r\n\t\t\t\t\t\t\t<\/li>\r\n\t\t\t\t\t\t\t\r\n\t\t\t\t\t\t\t<li role=\"presentation\"  onclick=\"do_resize()\">\r\n\t\t\t\t\t\t\t\t<a href=\"#tabs_desc_710_4\" aria-controls=\"tabs_desc_710_4\" role=\"tab\" data-toggle=\"tab\">\r\n\t\t\t\t\t\t\t\t\t\r\n\t\t\t\t\t\t\t\t\t\t\t\t\t\t\t\t\t\t\t\t\t\t\t\t\t\t\t\t\t\t\t<i class=\"fa fa-laptop\"><\/i> \t\t\t\t\t\t\t\t\t\t\t\t\t\t\t\t\t\t\t\r\n\t\t\t\t\t\t\t\t\t\t\t\t\t\t\t\t\t\t\r\n\t\t\t\t\t\t\t\t\t<span>Run<\/span>\r\n\t\t\t\t\t\t\t\t\t\r\n\t\t\t\t\t\t\t\t\t\t\t\t\t\t\t\t\t\t\r\n\t\t\t\t\t\t\t\t\t\t\t\t\t\t\t\t\t\t\t\t\r\n\t\t\t\t\t\t\t\t\t\r\n\t\t\t\t\t\t\t\t<\/a>\r\n\t\t\t\t\t\t\t<\/li>\r\n\t\t\t\t\t\t\t\r\n\t\t\t\t\t\t\t<li role=\"presentation\"  onclick=\"do_resize()\">\r\n\t\t\t\t\t\t\t\t<a href=\"#tabs_desc_710_5\" aria-controls=\"tabs_desc_710_5\" role=\"tab\" data-toggle=\"tab\">\r\n\t\t\t\t\t\t\t\t\t\r\n\t\t\t\t\t\t\t\t\t\t\t\t\t\t\t\t\t\t\t\t\t\t\t\t\t\t\t\t\t\t\t<i class=\"fa fa-laptop\"><\/i> \t\t\t\t\t\t\t\t\t\t\t\t\t\t\t\t\t\t\t\r\n\t\t\t\t\t\t\t\t\t\t\t\t\t\t\t\t\t\t\r\n\t\t\t\t\t\t\t\t\t<span>Relay<\/span>\r\n\t\t\t\t\t\t\t\t\t\r\n\t\t\t\t\t\t\t\t\t\t\t\t\t\t\t\t\t\t\r\n\t\t\t\t\t\t\t\t\t\t\t\t\t\t\t\t\t\t\t\t\r\n\t\t\t\t\t\t\t\t\t\r\n\t\t\t\t\t\t\t\t<\/a>\r\n\t\t\t\t\t\t\t<\/li>\r\n\t\t\t\t\t\t\t\r\n\t\t\t\t\t\t\t<li role=\"presentation\"  onclick=\"do_resize()\">\r\n\t\t\t\t\t\t\t\t<a href=\"#tabs_desc_710_6\" aria-controls=\"tabs_desc_710_6\" role=\"tab\" data-toggle=\"tab\">\r\n\t\t\t\t\t\t\t\t\t\r\n\t\t\t\t\t\t\t\t\t\t\t\t\t\t\t\t\t\t\t\t\t\t\t\t\t\t\t\t\t\t\t<i class=\"fa fa-laptop\"><\/i> \t\t\t\t\t\t\t\t\t\t\t\t\t\t\t\t\t\t\t\r\n\t\t\t\t\t\t\t\t\t\t\t\t\t\t\t\t\t\t\r\n\t\t\t\t\t\t\t\t\t<span>Streets<\/span>\r\n\t\t\t\t\t\t\t\t\t\r\n\t\t\t\t\t\t\t\t\t\t\t\t\t\t\t\t\t\t\r\n\t\t\t\t\t\t\t\t\t\t\t\t\t\t\t\t\t\t\t\t\r\n\t\t\t\t\t\t\t\t\t\r\n\t\t\t\t\t\t\t\t<\/a>\r\n\t\t\t\t\t\t\t<\/li>\r\n\t\t\t\t\t\t\t\r\n\t\t\t\t\t\t\t<li role=\"presentation\"  onclick=\"do_resize()\">\r\n\t\t\t\t\t\t\t\t<a href=\"#tabs_desc_710_7\" aria-controls=\"tabs_desc_710_7\" role=\"tab\" data-toggle=\"tab\">\r\n\t\t\t\t\t\t\t\t\t\r\n\t\t\t\t\t\t\t\t\t\t\t\t\t\t\t\t\t\t\t\t\t\t\t\t\t\t\t\t\t\t\t<i class=\"fa fa-laptop\"><\/i> \t\t\t\t\t\t\t\t\t\t\t\t\t\t\t\t\t\t\t\r\n\t\t\t\t\t\t\t\t\t\t\t\t\t\t\t\t\t\t\r\n\t\t\t\t\t\t\t\t\t<span>Refreshment station<\/span>\r\n\t\t\t\t\t\t\t\t\t\r\n\t\t\t\t\t\t\t\t\t\t\t\t\t\t\t\t\t\t\r\n\t\t\t\t\t\t\t\t\t\t\t\t\t\t\t\t\t\t\t\t\r\n\t\t\t\t\t\t\t\t\t\r\n\t\t\t\t\t\t\t\t<\/a>\r\n\t\t\t\t\t\t\t<\/li>\r\n\t\t\t\t\t\t\t\t\t\t\t <\/ul>\r\n\r\n\t\t\t\t\t  <!-- Tab panes -->\r\n\t\t\t\t\t  <div class=\"tab-content\" id=\"tab-content_710\">\r\n\t\t\t\t\t\t\t\t\t\t\t\t <div role=\"tabpanel\" class=\"tab-pane  in active \" id=\"tabs_desc_710_1\">\r\n\t\t\t\t\t\t\t\t<strong>Saturday september 26th<\/strong><br>\r\n<a href=\"https:\/\/artiemhalfmenorca.com\/wp-content\/uploads\/2026\/01\/Reglament-EN-2026.pdf\"> Rules 2026<\/a> <br>\r\n<br>\r\n15:00 - 19:00 \u2013 Participants certification \u2013 Fornells Sports Centre<br>\r\n15:00 - 19:00 - Expo + Info Point \u2013 Fornells Sports Centre<br>\r\n16:30 - 17:15 - Briefing - Poliesportiu Fornells<br>\r\n17:30 - 19:30 - Check In - Boxes Area<br>\r\n<br>\r\n<strong>Sunday september 27th<\/strong><br>\r\n06:30 - 07:45 \u2013 Open Bike Park - Boxes<br>\r\n08:00 \u2013 Race Start HALF \u2013 Start Area \u2013 The maximum time to complete the race is 8 hours<br>\r\n08:10 \u2013 Race Start Relief \u2013 Start Area \u2013 The maximum time to complete the race is 8 hours<br>\r\n08:35 \u2013 Race Start SHORT \u2013 Start Area \u2013 The maximum time to complete the race is 4 hours<br>\r\n13:00 -  16:00 - Check Out - Boxes Area<br>\r\n<br>\r\n* There will be mechanic service at the Check-in and on Sunday from 6:30am to 7:30am<br>\t\t\t\t\t\t <\/div>\r\n\t\t\t\t\t\t\t\t\t\t\t\t <div role=\"tabpanel\" class=\"tab-pane \" id=\"tabs_desc_710_2\">\r\n\t\t\t\t\t\t\t\t<img decoding=\"async\" class=\"alignnone  wp-image-41\" src=\"https:\/\/artiemhalfmenorca.com\/wp-content\/uploads\/2025\/09\/Swim-HALF-01-scaled.png\" alt=\"\" width=\"45%\" \/>  <img decoding=\"async\" class=\"alignnone  wp-image-42\" src=\"https:\/\/artiemhalfmenorca.com\/wp-content\/uploads\/2025\/09\/Swim-SHORT-02-scaled.png\" alt=\"\" width=\"45%\" \/>\t\t\t\t\t\t <\/div>\r\n\t\t\t\t\t\t\t\t\t\t\t\t <div role=\"tabpanel\" class=\"tab-pane \" id=\"tabs_desc_710_3\">\r\n\t\t\t\t\t\t\t\t<img decoding=\"async\" class=\"alignnone  wp-image-41\" src=\"https:\/\/artiemhalfmenorca.com\/wp-content\/uploads\/2025\/09\/BICI-SHORT-mapa-scaled.png\" alt=\"\" width=\"45%\" \/>  <img decoding=\"async\" class=\"alignnone  wp-image-42\" src=\"https:\/\/artiemhalfmenorca.com\/wp-content\/uploads\/2025\/09\/BICI-SHORT-mapa-scaled.png\" alt=\"\" width=\"45%\" \/>\t\t\t\t\t\t <\/div>\r\n\t\t\t\t\t\t\t\t\t\t\t\t <div role=\"tabpanel\" class=\"tab-pane \" id=\"tabs_desc_710_4\">\r\n\t\t\t\t\t\t\t\t<img decoding=\"async\" class=\"alignnone  wp-image-41\" src=\"https:\/\/artiemhalfmenorca.com\/wp-content\/uploads\/2025\/09\/RUN-HALF-mapa-scaled.png\" alt=\"\" width=\"45%\" height=\"253\" \/> <img decoding=\"async\" class=\"alignnone  wp-image-41\" src=\"https:\/\/artiemhalfmenorca.com\/wp-content\/uploads\/2025\/09\/RUN-SHORT-mapa-scaled.png\" alt=\"\" width=\"45%\" height=\"253\" \/> \t\t\t\t\t\t <\/div>\r\n\t\t\t\t\t\t\t\t\t\t\t\t <div role=\"tabpanel\" class=\"tab-pane \" id=\"tabs_desc_710_5\">\r\n\t\t\t\t\t\t\t\tLos equipos pueden estar integrados por 2 \u00f3 3 personas pudiendo ser masculinos, femeninos o mixtos. Solo habr\u00e1 un dorsal para la bicicleta que se tendr\u00e1 que dar al corredor una vez finalizado el tramo de ciclismo. El participante de la nataci\u00f3n solo llevar\u00e1 un gorro.\r\n\r\nEl check-in a la zona de transici\u00f3n (boxes) lo tendr\u00e1 que realizar el miembro del equipo que haga el sector de ciclismo.\r\n\r\nEl acceso a boxes durante la prueba para los componentes del equipo estar\u00e1 controlado por los jueces.\r\n\r\nLos relevistas deber\u00e1n esperar en una zona delimitada en el interior de boxes, donde los ciclistas recibir\u00e1n el chip del nadador y posteriormente se lo pasar\u00e1n al corredor.\r\n\r\nPara efectuar el relevo el nadador debe pasar el chip al ciclista, que se lo tendr\u00e1 que poner en el tobillo. Al acabar, el ciclista deber\u00e1 librar el chip y dorsal al corredor. Desde el inicio de la prueba hasta cruzar la meta el chip lo tiene que llevar cada uno de los componentes del equipo en su segmento.\r\n\r\nTodos los componentes del equipo podr\u00e1n acompa\u00f1ar al corredor en los \u00faltimos 100 metros de carrera a pie para cruzar la l\u00ednea de meta todos juntos.\r\n\r\nHabr\u00e1 una \u00fanica categor\u00eda para todos los participantes de relevos que englobar\u00e1 equipos mixtos, masculinos y femeninos.\t\t\t\t\t\t <\/div>\r\n\t\t\t\t\t\t\t\t\t\t\t\t <div role=\"tabpanel\" class=\"tab-pane \" id=\"tabs_desc_710_6\">\r\n\t\t\t\t\t\t\t\t<img decoding=\"async\" class=\"alignnone  wp-image-41\" src=\"https:\/\/artiemhalfmenorca.com\/wp-content\/uploads\/2025\/09\/WhatsApp-Image-2025-09-08-at-12.41.12.jpeg\" alt=\"\" width=\"45%\" height=\"253\" \/> \t\t\t\t\t\t <\/div>\r\n\t\t\t\t\t\t\t\t\t\t\t\t <div role=\"tabpanel\" class=\"tab-pane \" id=\"tabs_desc_710_7\">\r\n\t\t\t\t\t\t\t\tDuring the Cycling sector, the SHORT distance triathletes will find only one provisioning in the cycling circuit, located in Es Mercadal, which will have 500 ml bottles with NutriSport brand Water and Isotonic. The HALF distance triathletes, after doing 3 laps of the circuit, will find this refreshment station 3 times.\r\n<br><br>\r\nDuring the race sector, there will be 2 refreshment stations that will be double, (in both directions) the triathletes of the SHORT distance will find 4 refreshment stations, and those of the HALF distance will have up to 10 refreshment stations during the route.\r\n<br><br>\r\nThe race supplies, in addition to Water and Isotonic from the NutriSport brand, will also have Coca-Cola, Oranges, Bananas, and Nutrisport brand gels.\r\n<br><br>\r\nAnd once the test is over, participants will be able to access the Finisher Exprience area where they can enjoy typical Menorcan food (sobrasada, sausages, ensaimada) apart from nuts, fruit, Water, Coca-Cola, Isotonic, Beer and ice creams. In this area, physiotherapy services will be carried out (only injuries), consult the results and discuss your feelings with friends. In addition, all family members who have previously purchased a ticket will be able to access.\r\n<br><br>\r\nAnd once the test is over, participants will be able to access the post-finish area where they can enjoy typical Menorcan food (sobrasada, sausages, ensaimada) apart from nuts, fruit, Water, Coca-Cola, Isotonic, and on all Beer and ice cream. In this area you can perform massages, refresh, check the results and discuss your feelings with your friends, enjoying the Finisher Experience. In addition, all family members who have previously purchased a ticket will be able to access.\r\n<br><br>In short, live a pleasant experience celebrating success with your loved ones.\r\n<br><br>\r\nIMPORTANT NOTE: The finish area and post finish services will be subject to the circumstances and recommendations of the health authorities. The organization reserves the right to modify the refreshment area and the Finisher Experience if circumstances warrant it due to greater force.\t\t\t\t\t\t <\/div>\r\n\t\t\t\t\t\t\t\r\n\t\t\t\t\t <\/div>\r\n\t\t\t\t\t \r\n\t\t\t\t <\/div>\r\n <script>\r\n\t\tjQuery(function () {\r\n\t\t\tjQuery('#myTab_710 a:first').tab('show')\r\n\t\t});\r\n\t\t\r\n\t\t\t\tjQuery(function(){\r\n\t\t\tvar b=\"fadeIn\";\r\n\t\t\tvar c;\r\n\t\t\tvar a;\r\n\t\t\td(jQuery(\"#myTab_710 a\"),jQuery(\"#tab-content_710\"));function d(e,f,g){\r\n\t\t\t\te.click(function(i){\r\n\t\t\t\t\ti.preventDefault();\r\n\t\t\t\t\tjQuery(this).tab(\"show\");\r\n\t\t\t\t\tvar h=jQuery(this).data(\"easein\");\r\n\t\t\t\t\tif(c){c.removeClass(a);}\r\n\t\t\t\t\tif(h){f.find(\"div.active\").addClass(\"animated \"+h);a=h;}\r\n\t\t\t\t\telse{if(g){f.find(\"div.active\").addClass(\"animated \"+g);a=g;}else{f.find(\"div.active\").addClass(\"animated \"+b);a=b;}}c=f.find(\"div.active\");\r\n\t\t\t\t});\r\n\t\t\t}\r\n\t\t});\r\n\t\t\r\n\r\n\t\tfunction do_resize(){\r\n\r\n\t\t\tvar width=jQuery( '.tab-content .tab-pane iframe' ).width();\r\n\t\t\tvar height=jQuery( '.tab-content .tab-pane iframe' ).height();\r\n\r\n\t\t\tvar toggleSize = true;\r\n\t\t\tjQuery('iframe').animate({\r\n\t\t\t    width: toggleSize ? width : 640,\r\n\t\t\t    height: toggleSize ? height : 360\r\n\t\t\t  }, 250);\r\n\r\n\t\t\t  toggleSize = !toggleSize;\r\n\t\t}\r\n\r\n\r\n\t<\/script>\r\n\t\t\t\t\r\n\t\t\t\n","protected":false},"excerpt":{"rendered":"","protected":false},"author":1,"featured_media":0,"parent":0,"menu_order":0,"comment_status":"closed","ping_status":"closed","template":"","meta":{"footnotes":""},"class_list":["post-332","page","type-page","status-publish","hentry"],"_links":{"self":[{"href":"https:\/\/artiemhalfmenorca.com\/index.php?rest_route=\/wp\/v2\/pages\/332","targetHints":{"allow":["GET"]}}],"collection":[{"href":"https:\/\/artiemhalfmenorca.com\/index.php?rest_route=\/wp\/v2\/pages"}],"about":[{"href":"https:\/\/artiemhalfmenorca.com\/index.php?rest_route=\/wp\/v2\/types\/page"}],"author":[{"embeddable":true,"href":"https:\/\/artiemhalfmenorca.com\/index.php?rest_route=\/wp\/v2\/users\/1"}],"replies":[{"embeddable":true,"href":"https:\/\/artiemhalfmenorca.com\/index.php?rest_route=%2Fwp%2Fv2%2Fcomments&post=332"}],"version-history":[{"count":4,"href":"https:\/\/artiemhalfmenorca.com\/index.php?rest_route=\/wp\/v2\/pages\/332\/revisions"}],"predecessor-version":[{"id":980,"href":"https:\/\/artiemhalfmenorca.com\/index.php?rest_route=\/wp\/v2\/pages\/332\/revisions\/980"}],"wp:attachment":[{"href":"https:\/\/artiemhalfmenorca.com\/index.php?rest_route=%2Fwp%2Fv2%2Fmedia&parent=332"}],"curies":[{"name":"wp","href":"https:\/\/api.w.org\/{rel}","templated":true}]}}